{"id":2367,"date":"2026-03-21T20:33:22","date_gmt":"2026-03-21T20:33:22","guid":{"rendered":"https:\/\/questionmark.acebears.site\/?post_type=product&#038;p=2367"},"modified":"2026-03-21T20:33:22","modified_gmt":"2026-03-21T20:33:22","slug":"cutout-farmerke","status":"publish","type":"product","link":"https:\/\/questionmark.acebears.site\/en\/product\/cutout-farmerke\/","title":{"rendered":"Cutout Farmerke"},"content":{"rendered":"<p>Farmerke klasi\u010dnog kroja, osve\u017eene modernim cutout detaljima u predelu struka koji diskretno otkrivaju siluetu i daju im poseban karakter. Ravna nogavica i visoki struk prate liniju tela i lepo izdu\u017euju figuru, dok kontrastni \u0161tep dodatno nagla\u0161ava kroj.<\/p>\n<p>Sastav: 95% pamuk, 5% elastin<\/p>\n","protected":false},"excerpt":{"rendered":"<p>Farmerke klasi\u010dnog kroja, osve\u017eene modernim cutout detaljima u predelu struka koji diskretno otkrivaju siluetu i daju im poseban karakter. Ravna<\/p>\n","protected":false},"featured_media":2372,"template":"","meta":[],"product_brand":[],"product_cat":[162],"product_tag":[],"class_list":{"0":"post-2367","1":"product","2":"type-product","3":"status-publish","4":"has-post-thumbnail","6":"product_cat-farmerke-2","8":"first","9":"outofstock","10":"shipping-taxable","11":"product-type-variable"},"bundled_by":[],"bundle_stock_status":"outofstock","bundle_stock_quantity":null,"bundle_virtual":false,"bundle_layout":"","bundle_add_to_cart_form_location":"","bundle_editable_in_cart":false,"bundle_sold_individually_context":"","bundle_item_grouping":"","bundle_min_size":"","bundle_max_size":"","bundle_price":[],"bundled_items":[],"bundle_sell_ids":[],"_links":{"self":[{"href":"https:\/\/questionmark.acebears.site\/en\/wp-json\/wp\/v2\/product\/2367","targetHints":{"allow":["GET"]}}],"collection":[{"href":"https:\/\/questionmark.acebears.site\/en\/wp-json\/wp\/v2\/product"}],"about":[{"href":"https:\/\/questionmark.acebears.site\/en\/wp-json\/wp\/v2\/types\/product"}],"version-history":[{"count":1,"href":"https:\/\/questionmark.acebears.site\/en\/wp-json\/wp\/v2\/product\/2367\/revisions"}],"predecessor-version":[{"id":2390,"href":"https:\/\/questionmark.acebears.site\/en\/wp-json\/wp\/v2\/product\/2367\/revisions\/2390"}],"wp:featuredmedia":[{"embeddable":true,"href":"https:\/\/questionmark.acebears.site\/en\/wp-json\/wp\/v2\/media\/2372"}],"wp:attachment":[{"href":"https:\/\/questionmark.acebears.site\/en\/wp-json\/wp\/v2\/media?parent=2367"}],"wp:term":[{"taxonomy":"product_brand","embeddable":true,"href":"https:\/\/questionmark.acebears.site\/en\/wp-json\/wp\/v2\/product_brand?post=2367"},{"taxonomy":"product_cat","embeddable":true,"href":"https:\/\/questionmark.acebears.site\/en\/wp-json\/wp\/v2\/product_cat?post=2367"},{"taxonomy":"product_tag","embeddable":true,"href":"https:\/\/questionmark.acebears.site\/en\/wp-json\/wp\/v2\/product_tag?post=2367"}],"curies":[{"name":"wp","href":"https:\/\/api.w.org\/{rel}","templated":true}]}}